{"id":9,"date":"2015-02-02T15:04:56","date_gmt":"2015-02-02T15:04:56","guid":{"rendered":"http:\/\/www.japanischeschulekoeln.de\/?page_id=9"},"modified":"2025-10-03T19:00:41","modified_gmt":"2025-10-03T19:00:41","slug":"beitrag","status":"publish","type":"page","link":"http:\/\/www.japanischeschulekoeln.de\/de\/beitrag\/","title":{"rendered":"Beitrag"},"content":{"rendered":"<p><\/p>\n<h5>Jahresbeitrag<\/h5>\n<p>Ein Elternteil: 90 Euro pro Jahr<br \/>\nBeide Eltern: 100 Euro pro Jahr<\/p>\n<p class=\"info\">\u203b Der Jahresbeitrag ist einmal j\u00e4hrlich im Juli nach der Jahreshauptversammlung zu zahlen. Bei An- und Abmeldung w\u00e4hrend eines Schuljahres bleibt der Betrag unver\u00e4ndert.<\/p>\n<h5>Unterrichtsgeb\u00fchr<\/h5>\n<h6>\uff1cKokugo Kurs\uff1e<\/h6>\n<ul>\n<li>1. Kind\uff1a51 Euro<\/li>\n<li>2. Kind\uff1a38 Euro<\/li>\n<li>3. Kind\uff1a22 Euro<\/li>\n<\/ul>\n<h6>\uff1cJaF Kurs\uff1e<\/h6>\n<ul>\n<li>Die Kursgeb\u00fchr wird je nach Anzahl der Unterrichtstermine in dem betreffenden Halbjahr berechnet und betr\u00e4gt im Jahresdurchschnitt \u20ac 42,- pro Monat.<\/li>\n<li>Die Geb\u00fchr ist f\u00fcr die gesamte Kursdauer vor Kursbeginn zu zahlen. In H\u00e4rtef\u00e4llen kann mit dem Verwaltungsrat Ratenzahlung vereinbart werden. Die Mindestrate betr\u00e4gt ein F\u00fcnftel der Kursgeb\u00fchr.<\/li>\n<\/ul>\n<h5>Zahlungsempf\u00e4nger<\/h5>\n<p>Empfanger: JAPANISCHE SCHULE KOELN<br \/>\nKreditinstitut: BANK FUER SOZIAL WIRTSCHAFT<br \/>\nIBAN DE69370205000008062500<br \/>\nBIC BFSWDE33XXX<\/p>","protected":false},"excerpt":{"rendered":"<p>Jahresbeitrag, Kursgeb\u00fchr, Bankverbindung<\/p>\n","protected":false},"author":1,"featured_media":310,"parent":0,"menu_order":0,"comment_status":"closed","ping_status":"closed","template":"","meta":[],"_links":{"self":[{"href":"http:\/\/www.japanischeschulekoeln.de\/de\/wp-json\/wp\/v2\/pages\/9"}],"collection":[{"href":"http:\/\/www.japanischeschulekoeln.de\/de\/wp-json\/wp\/v2\/pages"}],"about":[{"href":"http:\/\/www.japanischeschulekoeln.de\/de\/wp-json\/wp\/v2\/types\/page"}],"author":[{"embeddable":true,"href":"http:\/\/www.japanischeschulekoeln.de\/de\/wp-json\/wp\/v2\/users\/1"}],"replies":[{"embeddable":true,"href":"http:\/\/www.japanischeschulekoeln.de\/de\/wp-json\/wp\/v2\/comments?post=9"}],"version-history":[{"count":49,"href":"http:\/\/www.japanischeschulekoeln.de\/de\/wp-json\/wp\/v2\/pages\/9\/revisions"}],"predecessor-version":[{"id":1380,"href":"http:\/\/www.japanischeschulekoeln.de\/de\/wp-json\/wp\/v2\/pages\/9\/revisions\/1380"}],"wp:featuredmedia":[{"embeddable":true,"href":"http:\/\/www.japanischeschulekoeln.de\/de\/wp-json\/wp\/v2\/media\/310"}],"wp:attachment":[{"href":"http:\/\/www.japanischeschulekoeln.de\/de\/wp-json\/wp\/v2\/media?parent=9"}],"curies":[{"name":"wp","href":"https:\/\/api.w.org\/{rel}","templated":true}]}}