{"id":475,"date":"2015-09-01T12:43:24","date_gmt":"2015-09-01T12:43:24","guid":{"rendered":"http:\/\/www.japanischeschulekoeln.de\/?page_id=475"},"modified":"2021-10-28T14:21:06","modified_gmt":"2021-10-28T14:21:06","slug":"bibliothek","status":"publish","type":"page","link":"http:\/\/www.japanischeschulekoeln.de\/de\/ueber_uns\/bibliothek\/","title":{"rendered":"Bibliothek"},"content":{"rendered":"<p><\/p>\n<h5>Bibliothek<\/h5>\n<p>Unsere Bibliothek ist gut sortiert und verf\u00fcgt \u00fcber japanische B\u00fccher f\u00fcr Kinder in jeder Altersstufe. Wir haben Kinderb\u00fccher, Romane, wissenschaftliche B\u00fcchern, Manga, DVD und andere.<\/p>\n<p><a href=\"http:\/\/www.japanischeschulekoeln.de\/wp-content\/uploads\/2015\/11\/bibliothek_1_L.jpg\" target=\"_blank\" rel=\"noopener noreferrer\"><img loading=\"lazy\" class=\"alignnone wp-image-395 size-full\" src=\"http:\/\/www.japanischeschulekoeln.de\/wp-content\/uploads\/2015\/08\/S_bibliothek_1.png\" alt=\"\" width=\"235\" height=\"199\" \/><\/a><a href=\"http:\/\/www.japanischeschulekoeln.de\/wp-content\/uploads\/2015\/11\/bibliothek_2_L.jpg\" target=\"_blank\" rel=\"noopener noreferrer\"><img loading=\"lazy\" class=\"alignnone wp-image-396 size-full\" src=\"http:\/\/www.japanischeschulekoeln.de\/wp-content\/uploads\/2015\/08\/S_bibliothek_2.png\" alt=\"\" width=\"230\" height=\"199\" \/><\/a><a href=\"http:\/\/www.japanischeschulekoeln.de\/wp-content\/uploads\/2015\/11\/bibliothek_3_L.jpg\" target=\"_blank\" rel=\"noopener noreferrer\"><img loading=\"lazy\" class=\"alignnone wp-image-397 size-full\" src=\"http:\/\/www.japanischeschulekoeln.de\/wp-content\/uploads\/2015\/08\/S_bibliothek_3.png\" alt=\"\" width=\"235\" height=\"199\" \/><\/a><\/p>\n<p><\/p>","protected":false},"excerpt":{"rendered":"<p>Bibliothek Unsere Bibliothek ist gut sortiert und verf\u00fcgt \u00fcber japanische B\u00fccher f\u00fcr Kinder in jeder Altersstufe. Wir haben Kinderb\u00fccher, Romane, wissenschaftliche B\u00fcchern, Manga, DVD und andere.<\/p>\n","protected":false},"author":1,"featured_media":0,"parent":2,"menu_order":3,"comment_status":"closed","ping_status":"closed","template":"","meta":[],"_links":{"self":[{"href":"http:\/\/www.japanischeschulekoeln.de\/de\/wp-json\/wp\/v2\/pages\/475"}],"collection":[{"href":"http:\/\/www.japanischeschulekoeln.de\/de\/wp-json\/wp\/v2\/pages"}],"about":[{"href":"http:\/\/www.japanischeschulekoeln.de\/de\/wp-json\/wp\/v2\/types\/page"}],"author":[{"embeddable":true,"href":"http:\/\/www.japanischeschulekoeln.de\/de\/wp-json\/wp\/v2\/users\/1"}],"replies":[{"embeddable":true,"href":"http:\/\/www.japanischeschulekoeln.de\/de\/wp-json\/wp\/v2\/comments?post=475"}],"version-history":[{"count":6,"href":"http:\/\/www.japanischeschulekoeln.de\/de\/wp-json\/wp\/v2\/pages\/475\/revisions"}],"predecessor-version":[{"id":1226,"href":"http:\/\/www.japanischeschulekoeln.de\/de\/wp-json\/wp\/v2\/pages\/475\/revisions\/1226"}],"up":[{"embeddable":true,"href":"http:\/\/www.japanischeschulekoeln.de\/de\/wp-json\/wp\/v2\/pages\/2"}],"wp:attachment":[{"href":"http:\/\/www.japanischeschulekoeln.de\/de\/wp-json\/wp\/v2\/media?parent=475"}],"curies":[{"name":"wp","href":"https:\/\/api.w.org\/{rel}","templated":true}]}}