{"id":292,"date":"2015-04-14T12:55:45","date_gmt":"2015-04-14T12:55:45","guid":{"rendered":"http:\/\/www.japanischeschulekoeln.de\/?page_id=292"},"modified":"2021-10-28T15:46:55","modified_gmt":"2021-10-28T15:46:55","slug":"schulveranstaltungen","status":"publish","type":"page","link":"http:\/\/www.japanischeschulekoeln.de\/de\/unterricht\/schulveranstaltungen\/","title":{"rendered":"Schulveranstaltungen"},"content":{"rendered":"<p><span class=\"schulveranstaltungen\">1. Trimester (zwischen Oster- und Sommerferien) <\/span><br \/>\nEintrittsfeier, Kodomo-no-hi (Tag der Kinder) ,Sportfest, Tanabata (Sternenfest)<\/p>\n<p><span class=\"schulveranstaltungen\">2. Trimester (zwischen Sommer- und Weihnachtsferien) <\/span><br \/>\nTag der offenen T\u00fcr, Nikolaustag<\/p>\n<p><span class=\"schulveranstaltungen\">3. Trimester (zwischen Weihnachts- und Osterferien)<\/span><br \/>\nNeujahrsfest, Mamemaki (D\u00e4monenvertreibung), Hina-matsuri (M\u00e4dchenfest)<\/p>\n<p><a href=\"http:\/\/www.japanischeschulekoeln.de\/wp-content\/uploads\/2015\/11\/E_sports_1_L.jpg\" target=\"_blank\" rel=\"noopener noreferrer\"><img loading=\"lazy\" class=\"alignnone wp-image-404 size-full\" src=\"http:\/\/www.japanischeschulekoeln.de\/wp-content\/uploads\/2015\/08\/SE_sports_1_D.png\" alt=\"\" width=\"235\" height=\"199\" \/><\/a><a href=\"http:\/\/www.japanischeschulekoeln.de\/wp-content\/uploads\/2015\/11\/sports_2_L.jpg\" target=\"_blank\" rel=\"noopener noreferrer\"><img loading=\"lazy\" class=\"alignnone wp-image-406 size-full\" src=\"http:\/\/www.japanischeschulekoeln.de\/wp-content\/uploads\/2015\/08\/SE_sports_2_D.png\" alt=\"\" width=\"230\" height=\"199\" \/><\/a><a href=\"http:\/\/www.japanischeschulekoeln.de\/wp-content\/uploads\/2015\/11\/E_sports_3_L.jpg\" target=\"_blank\" rel=\"noopener noreferrer\"><img loading=\"lazy\" class=\"alignnone wp-image-408 size-full\" src=\"http:\/\/www.japanischeschulekoeln.de\/wp-content\/uploads\/2015\/08\/SE_sports_3_D.png\" alt=\"\" width=\"235\" height=\"199\" \/><\/a><a href=\"http:\/\/www.japanischeschulekoeln.de\/wp-content\/uploads\/2015\/08\/E_offenentuer_1.jpg\" target=\"_blank\" rel=\"noopener noreferrer\"><img loading=\"lazy\" class=\"alignnone wp-image-527 size-full\" src=\"http:\/\/www.japanischeschulekoeln.de\/wp-content\/uploads\/2015\/09\/SE_offenentuer_1_D.png\" alt=\"\" width=\"235\" height=\"200\" \/><\/a><a href=\"http:\/\/www.japanischeschulekoeln.de\/wp-content\/uploads\/2015\/08\/E_nikolaustag_1.jpg\" target=\"_blank\" rel=\"noopener noreferrer\"><img loading=\"lazy\" class=\"alignnone wp-image-400 size-full\" src=\"http:\/\/www.japanischeschulekoeln.de\/wp-content\/uploads\/2015\/08\/SE_nikolaustag_1_D.png\" alt=\"\" width=\"230\" height=\"200\" \/><\/a><a href=\"http:\/\/www.japanischeschulekoeln.de\/wp-content\/uploads\/2015\/11\/E_neuesjahr_1.jpg\" target=\"_blank\" rel=\"noopener noreferrer\"><img loading=\"lazy\" class=\"alignnone wp-image-398 size-full\" src=\"http:\/\/www.japanischeschulekoeln.de\/wp-content\/uploads\/2015\/08\/SE_neuesjahr_1_D.png\" alt=\"\" width=\"235\" height=\"200\" \/><\/a><\/p>\n<p><\/p>","protected":false},"excerpt":{"rendered":"<p>1. Trimester (zwischen Oster- und Sommerferien) Eintrittsfeier, Kodomo-no-hi (Tag der Kinder) ,Sportfest, Tanabata (Sternenfest) 2. Trimester (zwischen Sommer- und Weihnachtsferien) Tag der offenen T\u00fcr, Nikolaustag 3. Trimester (zwischen Weihnachts- und Osterferien) Neujahrsfest, Mamemaki (D\u00e4monenvertreibung), Hina-matsuri (M\u00e4dchenfest)<\/p>\n","protected":false},"author":1,"featured_media":0,"parent":11,"menu_order":3,"comment_status":"closed","ping_status":"closed","template":"","meta":[],"_links":{"self":[{"href":"http:\/\/www.japanischeschulekoeln.de\/de\/wp-json\/wp\/v2\/pages\/292"}],"collection":[{"href":"http:\/\/www.japanischeschulekoeln.de\/de\/wp-json\/wp\/v2\/pages"}],"about":[{"href":"http:\/\/www.japanischeschulekoeln.de\/de\/wp-json\/wp\/v2\/types\/page"}],"author":[{"embeddable":true,"href":"http:\/\/www.japanischeschulekoeln.de\/de\/wp-json\/wp\/v2\/users\/1"}],"replies":[{"embeddable":true,"href":"http:\/\/www.japanischeschulekoeln.de\/de\/wp-json\/wp\/v2\/comments?post=292"}],"version-history":[{"count":13,"href":"http:\/\/www.japanischeschulekoeln.de\/de\/wp-json\/wp\/v2\/pages\/292\/revisions"}],"predecessor-version":[{"id":1302,"href":"http:\/\/www.japanischeschulekoeln.de\/de\/wp-json\/wp\/v2\/pages\/292\/revisions\/1302"}],"up":[{"embeddable":true,"href":"http:\/\/www.japanischeschulekoeln.de\/de\/wp-json\/wp\/v2\/pages\/11"}],"wp:attachment":[{"href":"http:\/\/www.japanischeschulekoeln.de\/de\/wp-json\/wp\/v2\/media?parent=292"}],"curies":[{"name":"wp","href":"https:\/\/api.w.org\/{rel}","templated":true}]}}